{"id":11376,"date":"2025-09-05T09:06:32","date_gmt":"2025-09-05T14:06:32","guid":{"rendered":"https:\/\/alquiler.prestigeperurentacar.com\/?page_id=11376"},"modified":"2025-09-29T15:47:20","modified_gmt":"2025-09-29T20:47:20","slug":"formulario","status":"publish","type":"page","link":"https:\/\/alquiler.prestigeperurentacar.com\/en\/formulario\/","title":{"rendered":"formulario"},"content":{"rendered":"<div data-elementor-type=\"wp-page\" data-elementor-id=\"11376\" class=\"elementor elementor-11376\" data-elementor-post-type=\"page\">\n\t\t\t\t<div class=\"elementor-element elementor-element-1aa08f3 e-con-full e-flex e-con e-parent\" data-id=\"1aa08f3\" data-element_type=\"container\" data-e-type=\"container\">\n\t\t<div class=\"elementor-element elementor-element-f1db143 e-con-full e-flex e-con e-child\" data-id=\"f1db143\" data-element_type=\"container\" data-e-type=\"container\">\n\t\t\t\t<div class=\"elementor-element elementor-element-9f0919b elementor-widget elementor-widget-image\" data-id=\"9f0919b\" data-element_type=\"widget\" data-e-type=\"widget\" data-widget_type=\"image.default\">\n\t\t\t\t<div class=\"elementor-widget-container\">\n\t\t\t\t\t\t\t\t\t\t\t\t\t\t\t<img fetchpriority=\"high\" decoding=\"async\" width=\"1145\" height=\"1600\" src=\"https:\/\/alquiler.prestigeperurentacar.com\/wp-content\/uploads\/WhatsApp-Image-2025-09-29-at-9.15.48-AM.jpeg\" class=\"attachment-full size-full wp-image-11597\" alt=\"\" srcset=\"https:\/\/alquiler.prestigeperurentacar.com\/wp-content\/uploads\/WhatsApp-Image-2025-09-29-at-9.15.48-AM.jpeg 1145w, https:\/\/alquiler.prestigeperurentacar.com\/wp-content\/uploads\/WhatsApp-Image-2025-09-29-at-9.15.48-AM-215x300.jpeg 215w, https:\/\/alquiler.prestigeperurentacar.com\/wp-content\/uploads\/WhatsApp-Image-2025-09-29-at-9.15.48-AM-733x1024.jpeg 733w, https:\/\/alquiler.prestigeperurentacar.com\/wp-content\/uploads\/WhatsApp-Image-2025-09-29-at-9.15.48-AM-768x1073.jpeg 768w, https:\/\/alquiler.prestigeperurentacar.com\/wp-content\/uploads\/WhatsApp-Image-2025-09-29-at-9.15.48-AM-1099x1536.jpeg 1099w, https:\/\/alquiler.prestigeperurentacar.com\/wp-content\/uploads\/WhatsApp-Image-2025-09-29-at-9.15.48-AM-9x12.jpeg 9w\" sizes=\"(max-width: 1145px) 100vw, 1145px\" \/>\t\t\t\t\t\t\t\t\t\t\t\t\t\t\t<\/div>\n\t\t\t\t<\/div>\n\t\t\t\t<\/div>\n\t\t<div class=\"elementor-element elementor-element-28a5178 e-con-full e-flex e-con e-child\" data-id=\"28a5178\" data-element_type=\"container\" data-e-type=\"container\">\n\t\t\t\t<div class=\"elementor-element elementor-element-2b09370 elementor-widget elementor-widget-html\" data-id=\"2b09370\" data-element_type=\"widget\" data-e-type=\"widget\" data-widget_type=\"html.default\">\n\t\t\t\t<div class=\"elementor-widget-container\">\n\t\t\t\t\t<style>\r\n  .form-container {\r\n    background-color: white;\r\n    border-radius: 16px;\r\n    box-shadow: 0 4px 16px rgba(0, 0, 0, 0.12);\r\n    max-width: 595px;\r\n    width: 100%;\r\n    overflow: hidden;\r\n    \/*margin: 40px auto;*\/\r\n  }\r\n  .form-header {\r\n    width: 100%;\r\n    background: #fff;\r\n    height: 220px;\r\n    min-height: 160px;\r\n    max-height: 300px;\r\n    display: flex;\r\n    align-items: center;\r\n    justify-content: center;\r\n  }\r\n  .form-header img {\r\n    width: 100%;\r\n    height: 100%;\r\n    object-fit: contain;\r\n    object-position: center;\r\n    display: block;\r\n    border-top-left-radius: 16px;\r\n    border-top-right-radius: 16px;\r\n    background: #fff;\r\n  }\r\n  .form-body {\r\n    padding: 32px;\r\n  }\r\n  .form-body h2 {\r\n    margin: 0;\r\n    font-size: 20px;\r\n    font-weight: bold;\r\n    margin-bottom: 24px;\r\n    text-align: center;\r\n  }\r\n  .form-group {\r\n    margin-top: 20px;\r\n    margin-bottom: 16px;\r\n  }\r\n  .form-row {\r\n    display: flex;\r\n    gap: 16px;\r\n  }\r\n  .form-row .form-group {\r\n    flex: 1 1 0px;\r\n    margin: 0;\r\n    display: flex;\r\n    flex-direction: column;\r\n    justify-content: flex-end;\r\n  }\r\n  .form-group label {\r\n    display: block;\r\n    font-size: 14px;\r\n    margin-bottom: 8px;\r\n    font-weight: 600;\r\n    text-align: left;\r\n    font-family: var(--secondary-font);\r\n  }\r\n  .form-group input,\r\n  .form-group select {\r\n    width: 100%;\r\n    padding: 10px 16px;\r\n    font-size: 14px;\r\n    border: 1px solid #ccc;\r\n    border-radius: 10px;\r\n    box-sizing: border-box;\r\n    font-family: var(--secondary-font);\r\n    color: #bfbcbc;\r\n    \r\n  }\r\n  .submit-button {\r\n    width: 100%;\r\n    background-color: #fe3231;\r\n    color: black;\r\n    font-size: 16px;\r\n    padding: 14px 24px;\r\n    border: none;\r\n    border-radius: 50px;\r\n    cursor: pointer;\r\n    font-weight: 600;\r\n    display: flex;\r\n    justify-content: center;\r\n    align-items: center;\r\n    gap: 8px;\r\n    transition: background-color 0.3s ease;\r\n    font-family: var(--secondary-font);\r\n  }\r\n  .submit-button:hover {\r\n    background-color: #00e652;\r\n  }\r\n  .form-footer {\r\n    font-size: 11px;\r\n    color: #777;\r\n    padding: 0 24px 16px;\r\n    text-align: center;\r\n  }\r\n  .form-footer a {\r\n    color: #4e4bff;\r\n    text-decoration: none;\r\n  }\r\n  .modal {\r\n    position: fixed;\r\n    top: 0;\r\n    left: 0;\r\n    width: 100vw;\r\n    height: 100vh;\r\n    background-color: rgba(0,0,0,0.6);\r\n    display: none;\r\n    justify-content: center;\r\n    align-items: center;\r\n    z-index: 9999;\r\n  }\r\n  .modal-content {\r\n    background-color: white;\r\n    padding: 24px;\r\n    border-radius: 12px;\r\n    max-width: 380px;\r\n    text-align: center;\r\n    box-shadow: 0 0 20px rgba(0,0,0,0.3);\r\n  }\r\n  .modal-content h3 {\r\n    margin-top: 0;\r\n    color: #d00000;\r\n  }\r\n  .modal-content button {\r\n    margin-top: 20px;\r\n    background-color: #f86700;\r\n    color: white;\r\n    border: none;\r\n    padding: 10px 20px;\r\n    border-radius: 10px;\r\n    cursor: pointer;\r\n    font-weight: bold;\r\n  }\r\n  @media (max-width: 600px) {\r\n    .form-header {\r\n      height: 140px;\r\n      min-height: 100px;\r\n      max-height: 160px;\r\n    }\r\n    .form-body {\r\n      padding: 20px 10px;\r\n    }\r\n  }\r\n<\/style>\r\n\r\n<div class=\"form-container\">\r\n\r\n  <div class=\"form-body\">\r\n    <h2>COTIZA TU ALQUILER AL INSTANTE<\/h2><p style=\"text-align: center; font-family: var(--secondary-font);\"><b>Registrate y te responderemos por Whatsapp en menos de 30 segundos<\/b><\/p>\r\n    <form id=\"form-whatsapp\" autocomplete=\"on\" action=\"\">\r\n      <div class=\"form-group\">\r\n        <label for=\"nombre\">Nombre completo<\/label>\r\n        <input type=\"text\" id=\"nombre\" name=\"nombre\" placeholder=\"Nombres y apellidos\" autocomplete=\"name\" required>\r\n      <\/div>\r\n      <div class=\"form-group\">\r\n        <label for=\"whatsapp\">N\u00famero de WhatsApp<\/label>\r\n        <input \r\n          type=\"tel\" \r\n          id=\"whatsapp\" \r\n          name=\"whatsapp\"\r\n          inputmode=\"numeric\"\r\n          placeholder=\"Ingrese su n\u00famero\"\r\n          autocomplete=\"tel-national\"\r\n          required>\r\n      <\/div>\r\n      <div class=\"form-row\">\r\n        <div class=\"form-group\">\r\n          <label for=\"fecha-inicio\">Fecha inicio alquiler<\/label>\r\n          <input type=\"date\" id=\"fecha-inicio\" name=\"fecha-inicio\" required>\r\n        <\/div>\r\n        <div class=\"form-group\">\r\n          <label for=\"fecha-fin\">Fecha fin alquiler<\/label>\r\n          <input type=\"date\" id=\"fecha-fin\" name=\"fecha-fin\" required>\r\n        <\/div>\r\n      <\/div>\r\n      <div class=\"form-group\">\r\n        <label for=\"lugar\">\u00bfEn d\u00f3nde desea recibir el veh\u00edculo?<\/label>\r\n        <select id=\"lugar\" name=\"lugar\" required style=\"    color: #77797ead!important;\">\r\n          <option value=\"\" >Seleccione una opci\u00f3n<\/option>\r\n          <option value=\"En nuestras oficinas (0 PEN)\">En nuestras oficinas (0 PEN)<\/option>\r\n          <option value=\"En el aeropuerto (25 PEN)\">En el aeropuerto (25 PEN)<\/option>\r\n          <option value=\"A domicilio (25 PEN)\">A domicilio (25 PEN)<\/option>\r\n        <\/select>\r\n      <\/div>\r\n      <div class=\"form-group\">\r\n        <label for=\"garantia\">Nuestros veh\u00edculos requieren una garant\u00eda reembolsable entre $1,300 y $2,000. \u00bfCon qu\u00e9 m\u00e9todo podr\u00edas cubrirla?<\/label>\r\n        <select id=\"garantia\" name=\"garantia\" required style=\"    color: #77797ead!important;\">\r\n          <option value=\"\">Seleccione un m\u00e9todo<\/option>\r\n          <option value=\"Transferencia Bancaria\">Transferencia Bancaria<\/option>\r\n          <option value=\"Tarjeta\/Linea de cr\u00e9dito\">Tarjeta\/Linea de cr\u00e9dito<\/option>\r\n          <option value=\"No puedo cubrir la garant\u00eda\">No puedo cubrir la garant\u00eda<\/option>\r\n        <\/select>\r\n      <\/div>\r\n      <div style=\"margin-top: 28px;\">\r\n        <button type=\"submit\" class=\"submit-button\" style=\"background:#fe3231; color:#fff\">\r\n          <img decoding=\"async\" src=\"https:\/\/upload.wikimedia.org\/wikipedia\/commons\/6\/6b\/WhatsApp.svg\" alt=\"WhatsApp\" style=\"width: 20px; margin-right: 8px;\"> <strong>Reservar por Whatsapp<\/strong>\r\n        <\/button>\r\n      <\/div>\r\n    <input type=\"hidden\" name=\"trp-form-language\" value=\"en\"\/><\/form>\r\n  <\/div>\r\n  <div class=\"form-footer\">\r\n    Al hacer click en \"Ir a WhatsApp\", aceptas los <a href=\"https:\/\/alquiler.rentacarprime.com\/terminos-y-condiciones\/\" style=\"color: #fe3231; font-family: var(--secondary-font);\" target=\"_blank\" rel=\"noopener\">Vehicle Rental Terms and Conditions<\/a> del servicio.\r\n  <\/div>\r\n<\/div>\r\n\r\n<div id=\"modal\" class=\"modal\" tabindex=\"-1\">\r\n  <div class=\"modal-content\">\r\n    <h3>\ud83d\udeab LAMENTABLEMENTE NO CALIFICA PARA ALQUILAR<\/h3>\r\n    <p>Para alquilar nuestros veh\u00edculos es indispensable contar con un respaldo econ\u00f3mico. Esto asegura la cobertura de posibles incidentes y la protecci\u00f3n de ambas partes durante el servicio.<\/p>\r\n    <button id=\"modal-close\">Entendido<\/button>\r\n  <\/div>\r\n<\/div>\r\n\r\n<script>\r\n(function() {\r\n  \/\/ Elimina cualquier listener anterior (en caso de recarga por AJAX o doble script)\r\n  const form = document.getElementById(\"form-whatsapp\");\r\n  const oldForm = form.cloneNode(true);\r\n  form.parentNode.replaceChild(oldForm, form);\r\n\r\n  let waSent = false;\r\n  const garantiaSelect = document.getElementById(\"garantia\");\r\n  const modal = document.getElementById(\"modal\");\r\n  const modalClose = document.getElementById(\"modal-close\");\r\n\r\n  function showModal() {\r\n    modal.style.display = \"flex\";\r\n    modal.focus();\r\n  }\r\n  function hideModal() {\r\n    modal.style.display = \"none\";\r\n  }\r\n\r\n  garantiaSelect.addEventListener(\"change\", function () {\r\n    if (this.value === \"No puedo cubrir la garant\u00eda\") {\r\n      showModal();\r\n    } else {\r\n      hideModal();\r\n    }\r\n  });\r\n\r\n  modalClose.addEventListener(\"click\", hideModal);\r\n  window.addEventListener(\"keydown\", function (e) {\r\n    if (modal.style.display === \"flex\" && e.key === \"Escape\") hideModal();\r\n  });\r\n  modal.addEventListener(\"click\", function (e) {\r\n    if (e.target === modal) hideModal();\r\n  });\r\n\r\n  document.getElementById(\"form-whatsapp\").addEventListener(\"submit\", function (e) {\r\n    if (waSent) {\r\n      e.preventDefault();\r\n      return false;\r\n    }\r\n    if (garantiaSelect.value === \"No puedo cubrir la garant\u00eda\") {\r\n      e.preventDefault();\r\n      showModal();\r\n      return false;\r\n    }\r\n\r\n    e.preventDefault();\r\n    waSent = true; \/\/ Bloquea nuevos env\u00edos\r\n\r\n    const nombre = encodeURIComponent(document.getElementById(\"nombre\").value);\r\n    const whatsapp = encodeURIComponent(document.getElementById(\"whatsapp\").value);\r\n    const inicio = encodeURIComponent(document.getElementById(\"fecha-inicio\").value);\r\n    const fin = encodeURIComponent(document.getElementById(\"fecha-fin\").value);\r\n    const lugar = encodeURIComponent(document.getElementById(\"lugar\").value);\r\n    const garantia = encodeURIComponent(garantiaSelect.value);\r\n    const pageTitle = encodeURIComponent(document.title);\r\n\r\n    \/\/ Google Tag Manager \/ Analytics\r\n    if (typeof window.dataLayer !== 'undefined') {\r\n      window.dataLayer.push({ event: 'exon form' });\r\n    }\r\n\r\n    const numeroWhatsApp = \"51989537421\";\r\n    const texto = `Hola, estoy interesado en alquilar el ${decodeURIComponent(pageTitle)}. Soy ${decodeURIComponent(nombre)}. Mi n\u00famero de WhatsApp es ${decodeURIComponent(whatsapp)}. Deseo alquilar un veh\u00edculo desde el ${decodeURIComponent(inicio)} hasta el ${decodeURIComponent(fin)}, recibirlo en ${decodeURIComponent(lugar)} y cubrir la garant\u00eda con ${decodeURIComponent(garantia)}.`;\r\n\r\n    setTimeout(() => { waSent = false; }, 2000);\r\n\r\n    return false;\r\n  });\r\n})();\r\n<\/script>\r\n\t\t\t\t<\/div>\n\t\t\t\t<\/div>\n\t\t\t\t<\/div>\n\t\t\t\t<\/div>\n\t\t\t\t<\/div>","protected":false},"excerpt":{"rendered":"<p>COTIZA TU ALQUILER AL INSTANTE Registrate y te responderemos por Whatsapp en menos de 30 segundos Nombre completo N\u00famero de WhatsApp Fecha inicio alquiler Fecha fin alquiler \u00bfEn d\u00f3nde desea recibir el veh\u00edculo? Seleccione una opci\u00f3nEn nuestras oficinas (0 PEN)En el aeropuerto (25 PEN)A domicilio (25 PEN) Nuestros veh\u00edculos requieren una garant\u00eda reembolsable entre $1,300 [&hellip;]<\/p>","protected":false},"author":2,"featured_media":0,"parent":0,"menu_order":0,"comment_status":"closed","ping_status":"closed","template":"elementor_canvas","meta":{"_acf_changed":false,"footnotes":""},"class_list":["post-11376","page","type-page","status-publish","hentry"],"acf":[],"_links":{"self":[{"href":"https:\/\/alquiler.prestigeperurentacar.com\/en\/wp-json\/wp\/v2\/pages\/11376","targetHints":{"allow":["GET"]}}],"collection":[{"href":"https:\/\/alquiler.prestigeperurentacar.com\/en\/wp-json\/wp\/v2\/pages"}],"about":[{"href":"https:\/\/alquiler.prestigeperurentacar.com\/en\/wp-json\/wp\/v2\/types\/page"}],"author":[{"embeddable":true,"href":"https:\/\/alquiler.prestigeperurentacar.com\/en\/wp-json\/wp\/v2\/users\/2"}],"replies":[{"embeddable":true,"href":"https:\/\/alquiler.prestigeperurentacar.com\/en\/wp-json\/wp\/v2\/comments?post=11376"}],"version-history":[{"count":16,"href":"https:\/\/alquiler.prestigeperurentacar.com\/en\/wp-json\/wp\/v2\/pages\/11376\/revisions"}],"predecessor-version":[{"id":11603,"href":"https:\/\/alquiler.prestigeperurentacar.com\/en\/wp-json\/wp\/v2\/pages\/11376\/revisions\/11603"}],"wp:attachment":[{"href":"https:\/\/alquiler.prestigeperurentacar.com\/en\/wp-json\/wp\/v2\/media?parent=11376"}],"curies":[{"name":"wp","href":"https:\/\/api.w.org\/{rel}","templated":true}]}}