{"id":11400,"date":"2025-09-05T12:42:18","date_gmt":"2025-09-05T17:42:18","guid":{"rendered":"https:\/\/alquiler.prestigeperurentacar.com\/?page_id=11400"},"modified":"2025-09-29T16:34:29","modified_gmt":"2025-09-29T21:34:29","slug":"formulario-celular","status":"publish","type":"page","link":"https:\/\/alquiler.prestigeperurentacar.com\/en\/formulario-celular\/","title":{"rendered":"formulario-celular"},"content":{"rendered":"<div data-elementor-type=\"wp-page\" data-elementor-id=\"11400\" class=\"elementor elementor-11400\" data-elementor-post-type=\"page\">\n\t\t\t\t<div class=\"elementor-element elementor-element-6817d78 e-flex e-con-boxed e-con e-parent\" data-id=\"6817d78\" data-element_type=\"container\" data-e-type=\"container\">\n\t\t\t\t\t<div class=\"e-con-inner\">\n\t\t\t\t<div class=\"elementor-element elementor-element-30ad060 elementor-widget elementor-widget-html\" data-id=\"30ad060\" data-element_type=\"widget\" data-e-type=\"widget\" data-widget_type=\"html.default\">\n\t\t\t\t<div class=\"elementor-widget-container\">\n\t\t\t\t\t<!DOCTYPE html>\r\n<html lang=\"es\">\r\n<head>\r\n  <meta charset=\"UTF-8\" \/>\r\n  <meta name=\"viewport\" content=\"width=device-width, initial-scale=1.0, maximum-scale=1.0, user-scalable=no, viewport-fit=cover\" \/>\r\n  <title>Formulario WhatsApp PopUp Responsive<\/title>\r\n  <link rel=\"stylesheet\" href=\"https:\/\/cdn.jsdelivr.net\/npm\/flatpickr\/dist\/flatpickr.min.css\" \/>\r\n  <style>\r\n.flatpickr-calendar {\r\n  font-family: inherit;\r\n  border-radius: 16px !important;\r\n  box-shadow: 0 8px 24px rgba(0,0,0,0.15);\r\n  border: none;\r\n  overflow: hidden;\r\n  z-index: 99999;\r\n}\r\n\r\n.flatpickr-months {\r\n  background-color: #d9d9d9;\r\n  color: white;\r\n  border-bottom: 1px solid #ddd;\r\n  height: auto;\r\n  padding: 8px 12px;\r\n  display: flex;\r\n  align-items: center;\r\n  justify-content: space-between;\r\n}\r\n\r\n.flatpickr-month {\r\n  flex: 1;\r\n  text-align: center;\r\n  font-weight: bold;\r\n  font-size: 16px;\r\n  line-height: 1.4;\r\n}\r\n\r\n.flatpickr-current-month {\r\n  display: flex;\r\n  justify-content: center;\r\n  align-items: center;\r\n  flex-wrap: wrap;\r\n}\r\n\r\n.flatpickr-current-month .cur-month,\r\n.flatpickr-current-month input.cur-year {\r\n  color: white;\r\n  font-weight: bold;\r\n  font-size: 16px;\r\n}\r\n\r\n.flatpickr-weekdays {\r\n  background-color: #f5f5f5;\r\n  font-weight: 600;\r\n  color: #444;\r\n}\r\n\r\n.flatpickr-days {\r\n  padding: 8px 12px;\r\n}\r\n\r\n.flatpickr-day {\r\n  border-radius: 10px;\r\n  font-size: 14px;\r\n  transition: background 0.2s ease;\r\n  line-height: 2.2rem;\r\n}\r\n\r\n.flatpickr-day:hover {\r\n  background: #ffd6d6;\r\n}\r\n\r\n.flatpickr-day.today {\r\n  background: #FF7B00;\r\n  color: white;\r\n  border-radius: 10px;\r\n}\r\n\r\n.flatpickr-day.selected,\r\n.flatpickr-day.startRange,\r\n.flatpickr-day.endRange {\r\n  background: #FF7B00;\r\n  color: white;\r\n  border-radius: 10px;\r\n}\r\n\r\n.flatpickr-day.inRange {\r\n  background: #ffefd6;\r\n  color: #000;\r\n}\r\n\r\n.flatpickr-time input {\r\n  border-radius: 8px;\r\n  border: 1px solid #ccc;\r\n  padding: 4px 8px;\r\n}\r\n\/* Corrige el input del mes\/a\u00f1o *\/\r\n.flatpickr-current-month {\r\n  display: flex;\r\n  align-items: center;\r\n  justify-content: center;\r\n  flex-wrap: nowrap;\r\n  gap: 6px;\r\n  padding: 4px 8px;\r\n  overflow: visible;\r\n}\r\n\r\n.flatpickr-current-month .cur-month {\r\n  font-size: 16px;\r\n  color: white;\r\n  font-weight: bold;\r\n  margin-right: 4px;\r\n}\r\n\r\n.flatpickr-current-month input.cur-year {\r\n  font-size: 16px;\r\n  color: white;\r\n  font-weight: bold;\r\n  border: none;\r\n  background: transparent;\r\n  width: auto;\r\n  min-width: 50px;\r\n  text-align: left;\r\n}\r\n\r\n.flatpickr-months .flatpickr-prev-month,\r\n.flatpickr-months .flatpickr-next-month {\r\n  color: white;\r\n  font-size: 20px;\r\n  padding: 8px;\r\n}\r\n\r\n.flatpickr-months {\r\n  padding: 8px 12px;\r\n  height: auto;\r\n}\r\n\/* Centrar y alinear mejor los d\u00edas del calendario *\/\r\n.flatpickr-days {\r\n  padding: 10px 14px !important;\r\n  display: flex;\r\n  justify-content: center;\r\n  align-items: center;\r\n}\r\n\r\n.flatpickr-innerContainer {\r\n  display: flex;\r\n  flex-direction: column;\r\n  align-items: center;\r\n}\r\n\r\n.dayContainer {\r\n  display: grid !important;\r\n  grid-template-columns: repeat(7, 1fr);\r\n  gap: 4px;\r\n  justify-items: center;\r\n  width: 100%;\r\n  box-sizing: border-box;\r\n  padding: 0 6px;\r\n}\r\n.flatpickr-day {\r\n  border-radius: 10px;\r\n  font-size: 15px;\r\n  line-height: 38px; \/* Altura adecuada *\/\r\n  height: 38px;\r\n  width: 38px;\r\n  max-width: 100%;\r\n  text-align: center;\r\n  margin: 1px;\r\n  padding: 0;\r\n  box-sizing: border-box;\r\n}\r\n\r\n.flatpickr-day.selected,\r\n.flatpickr-day.startRange,\r\n.flatpickr-day.endRange,\r\n.flatpickr-day.today {\r\n  background: #fe3231 !important;\r\n  color: #fff;\r\n  font-weight: bold;\r\n  border-radius: 10px;\r\n}\r\n\r\n\r\n    html, body { height: 100%; margin: 0; padding: 0; }\r\n    body {\r\n      font-family: -apple-system,BlinkMacSystemFont,'Segoe UI',Roboto,Arial,sans-serif;\r\n      background: #f9f9f9;\r\n      min-height: 100vh;\r\n      display: flex;\r\n      justify-content: center;\r\n    }\r\n    .form-container {\r\n      background: #fff;\r\n      border-radius: 16px;\r\n      box-shadow: 0 4px 16px rgba(0,0,0,0.12);\r\n      max-width: 480px;\r\n      width: 100%;\r\n      overflow: hidden;\r\n      margin: 32px auto;\r\n    }\r\n    .form-body { padding: 24px; }\r\n    .form-body h2 {\r\n      text-align: center;\r\n      font-size: 1.4rem;\r\n      font-weight: bold;\r\n      margin-bottom: 24px;\r\n      line-height: 1.18;\r\n      letter-spacing: 0.01em;\r\n      \r\n    }\r\n    .form-group { margin-bottom: 16px; position: relative; }\r\n    .form-group label { display: block; margin-bottom: 6px; font-size: 15px; font-weight: 600; font-family: var(--secondary-font); }\r\n    .form-row { display: flex; flex-direction: column; gap: 16px; }\r\n    .form-group input, .form-group select {\r\n     width: 100%; padding: 10px 16px; font-size: 16px;\r\n      border: 1px solid #ccc; border-radius: 10px;\r\n      font-family: inherit; background: #fff; box-sizing: border-box;font-family: var(--secondary-font);\r\n    }\r\n    button.submit-button {\r\n      width: 100%; background: #fe3231; color: #fff;\r\n      padding: 14px 0; font-size: 16px; font-weight: 600;\r\n      border: none; border-radius: 50px; cursor: pointer;\r\n      display: flex; justify-content: center; align-items: center; gap: 8px;\r\n      transition: background .3s; margin-top: 12px;\r\n    }\r\n    button.submit-button:hover { background: ##fe3231; }\r\n    .form-footer { font-size: 11px; color: #777; text-align: center; padding: 16px; }\r\n    .form-footer a { color: #FF7B00; text-decoration: none; }\r\n    .modal { position: fixed; top:0; left:0; width:100vw; height:100vh;\r\n      background:rgba(0,0,0,0.6); display:none; align-items:center;\r\n      justify-content:center; z-index:9999; }\r\n    .modal-content {\r\n      background:#fff; padding:32px 18px 24px 18px; border-radius:16px;\r\n      max-width:380px; text-align:center;\r\n      box-shadow:0 0 20px rgba(0,0,0,0.3); margin:0 10px;\r\n    }\r\n    .modal-content .icon-modal { font-size:2.4rem; line-height:1; }\r\n    .modal-content h3 {\r\n      color:#d00000; font-size:1.45rem; font-weight:800;\r\n      margin:8px 0 14px; text-transform:uppercase; line-height:1.13;\r\n    }\r\n    .modal-content p { margin:0 0 18px; color:#3b3b3b; font-size:1rem; line-height:1.5; }\r\n    .modal-content button {\r\n      margin-top:6px; background:#ff7b00; font-size:1.1rem;\r\n      font-weight:bold; color:#fff; padding:12px 28px;\r\n      border-radius:11px; border:none; cursor:pointer;\r\n      box-shadow:0 2px 8px rgba(0,0,0,0.06); transition:background .2s;\r\n    }\r\n    .modal-content button:hover { background:#e66a00; }\r\n    @media (max-width:600px) {\r\n      .form-group .desktop-select { display: none !important; }\r\n      .custom-display { display: flex !important; }\r\n      .popup-panel { max-width: 100vw; }\r\n      .form-container { max-width: 100vw; }\r\n    }\r\n    @media (min-width:601px) {\r\n      .custom-display { display: none !important; }\r\n      .form-group .desktop-select { display: block !important; }\r\n    }\r\n    .popup-backdrop {\r\n      display: none; position: fixed; left: 0; right: 0;\r\n      bottom: 0; top: 0; background: rgba(0,0,0,0.20);\r\n      z-index: 10000; align-items: flex-end;\r\n      justify-content: center; backdrop-filter: blur(1.5px);\r\n      overscroll-behavior: contain;\r\n    }\r\n    .popup-backdrop.active { display: flex; }\r\n    .popup-panel {\r\n      position: fixed;\r\n      left: 50%;\r\n      bottom: 0;\r\n      background: #fff;\r\n      border-top-left-radius: 18px;\r\n      border-top-right-radius: 18px;\r\n      width: 100vw;\r\n      max-width: 480px;\r\n      box-shadow: 0 -4px 24px rgba(0, 0, 0, 0.15);\r\n      padding: 0 0 10px 0;\r\n      animation: slideup 0.33s cubic-bezier(0.77, 1.5, 0.3, 1);\r\n      transform: translate(-50%, 100%);\r\n      opacity: 0;\r\n      pointer-events: none;\r\n      z-index: 11000;\r\n      margin-bottom: 41px;\r\n      max-height: 60vh;\r\n      overflow-y: auto;\r\n      -webkit-overflow-scrolling: touch;\r\n    }\r\n    .popup-panel.active {\r\n      transform: translate(-50%, 0);\r\n      opacity: 1;\r\n      pointer-events: all;\r\n      transition: transform 0.33s cubic-bezier(0.77, 1.5, 0.3, 1), opacity 0.25s;\r\n    }\r\n    @keyframes slideup { from {transform:translate(-50%,100%); opacity:0;} to {transform:translate(-50%,0); opacity:1;} }\r\n    .popup-options { display:flex; flex-direction:column;font-weight: 400; }\r\n    .popup-options div {\r\n      padding:18px 22px; font-size:17px;\r\n      border-bottom:1px solid #eee; cursor:pointer;\r\n      transition: background .15s;\r\n    }\r\n    .popup-options div:last-child { border-bottom:none; }\r\n    .popup-options div:hover { background:#f5f5f5; }\r\n    .custom-display {\r\n      width:100%; padding:10px 16px; border:1px solid #ccc;\r\n      border-radius:10px; font-size:15px; background:#fff;\r\n      cursor:pointer; justify-content: space-between;\r\n      align-items: center;\r\n      font-family: var(--secondary-font)!important;\r\n      font-weight: 400;\r\n      color: #c1c2c4!important;\r\n    }\r\n    .custom-display:after { content:'\u25bc'; margin-left:6px; font-size:12px; color:#666; }\r\n    .popup-close-btn {\r\n      background: transparent; border: none; color: #555;\r\n      font-size: 16px; padding: 12px; cursor: pointer;\r\n      font-weight: bold; text-align: center; width: 100%;\r\n    }\r\n    @supports(padding-bottom: env(safe-area-inset-bottom)) {\r\n      .popup-panel { padding-bottom: calc(10px + env(safe-area-inset-bottom)); }\r\n    }\r\n    \r\n    .img-mobile-only {\r\n  display: none;\r\n}\r\n\r\n@media (max-width: 600px) {\r\n  .img-mobile-only {\r\n    display: block;\r\n    width: 100%;\r\n    border-top-left-radius: 16px;\r\n    border-top-right-radius: 16px;\r\n  }\r\n}\r\n  <\/style>\r\n<\/head>\r\n<body>\r\n  <div class=\"form-container\">\r\n    <div class=\"form-body\">\r\n          <img decoding=\"async\" src=\"https:\/\/alquiler.prestigeperurentacar.com\/wp-content\/uploads\/WhatsApp-Image-2025-09-29-at-4.14.12-PM.jpeg\" alt=\"Imagen Cabecera\" class=\"img-mobile-only\" style=\"border-top-left-radius: 16px; border-top-right-radius: 16px;border-bottom-right-radius: 16px;border-bottom-left-radius: 16px;\">\r\n      <h2>COTIZA TU ALQUILER AL INSTANTE<\/h2>\r\n      <p style=\"text-align: center;font-family: var(--secondary-font);\"><b>Registrate y te responderemos por Whatsapp en menos de 30 segundos<\/b><\/p>\r\n      <form id=\"form-whatsapp\" autocomplete=\"on\" action=\"\">\r\n        <div class=\"form-group\"><label for=\"nombre\">Nombre completo<\/label><input type=\"text\" id=\"nombre\" required placeholder=\"Nombres y apellidos*\"><\/div>\r\n        <div class=\"form-row\">\r\n          <div class=\"form-group\"><label for=\"fecha-inicio\">Fecha inicio alquiler<\/label><input type=\"text\" id=\"fecha-inicio\" placeholder=\"Selecciona fecha\" readonly><\/div>\r\n          <div class=\"form-group\" style=\"margin-top: -18px;\"><label for=\"fecha-fin\">Fecha fin alquiler<\/label><input type=\"text\" id=\"fecha-fin\" placeholder=\"Selecciona fecha\" readonly><\/div>\r\n        <\/div>\r\n        <div class=\"form-group\">\r\n          <label>\u00bfEn d\u00f3nde desea recibir el veh\u00edculo?<\/label>\r\n          <select class=\"desktop-select\" id=\"lugarSelect\">\r\n            <option value=\"\">Seleccione una opci\u00f3n<\/option>\r\n            <option value=\"En nuestras oficinas (0 PEN)\">En nuestras oficinas (0 PEN)<\/option>\r\n            <option value=\"En el aeropuerto (25 PEN)\">En el aeropuerto (25 PEN)<\/option>\r\n            <option value=\"A domicilio (25 PEN)\">A domicilio (25 PEN)<\/option>\r\n          <\/select>\r\n          <div id=\"lugarDisplay\" class=\"custom-display\" data-panel=\"lugarPanel\">Seleccione una opci\u00f3n<\/div>\r\n        <\/div>\r\n        <div class=\"form-group\">\r\n          <label>Nuestros veh\u00edculos requieren una garant\u00eda reembolsable entre $1,300 y $2,000. \u00bfCon qu\u00e9 m\u00e9todo podr\u00edas cubrirla?<\/label>\r\n          <select class=\"desktop-select\" id=\"garantiaSelect\">\r\n            <option value=\"\">Seleccione un m\u00e9todo<\/option>\r\n            <option value=\"Transferencia Bancaria\">Transferencia Bancaria<\/option>\r\n            <option value=\"Tarjeta\/Cr\u00e9dito\">Tarjeta\/Cr\u00e9dito<\/option>\r\n            <option value=\"No puedo cubrir la garant\u00eda\">No puedo cubrir la garant\u00eda<\/option>\r\n          <\/select>\r\n          <div id=\"garantiaDisplay\" class=\"custom-display\" data-panel=\"garantiaPanel\">Seleccione un m\u00e9todo<\/div>\r\n        <\/div>\r\n        <button type=\"submit\" class=\"submit-button\">\r\n          <img decoding=\"async\" src=\"https:\/\/upload.wikimedia.org\/wikipedia\/commons\/6\/6b\/WhatsApp.svg\" alt=\"WhatsApp\" style=\"width:20px; margin-right:8px;\">\r\n          <strong>Reservar por WhatsApp<\/strong>\r\n        <\/button>\r\n      <input type=\"hidden\" name=\"trp-form-language\" value=\"en\"\/><\/form>\r\n      <div class=\"form-footer\" style=\"font-family: var(--secondary-font);\">Al hacer click en \"Reservar por WhatsApp\", aceptas los <a href=\"https:\/\/alquiler.prestigeperurentacar.com\/en\/terminos-y-condiciones\/\" target=\"_blank\" style=\"color:#fe3231; \">Vehicle Rental Terms and Conditions<\/a> del servicio.<br><\/div><br>\r\n    <\/div>\r\n  <\/div>\r\n  <div class=\"popup-backdrop\" id=\"popup-backdrop\">\r\n    <div class=\"popup-panel\" id=\"lugarPanel\">\r\n      <div class=\"popup-options\">\r\n        <div data-value=\"En nuestras oficinas (0 PEN)\">En nuestras oficinas (0 PEN)<\/div>\r\n        <div data-value=\"En el aeropuerto (25 PEN)\">En el aeropuerto (25 PEN)<\/div>\r\n        <div data-value=\"A domicilio (25 PEN)\">A domicilio (25 PEN)<\/div>\r\n      <\/div>\r\n      <button class=\"popup-close-btn\" onclick=\"closeAllPopups()\" style=\"font-size: 13px\"><br>Cerrar<br><\/button>\r\n    <\/div>\r\n    <div class=\"popup-panel\" id=\"garantiaPanel\">\r\n      <div class=\"popup-options\">\r\n        <div data-value=\"Transferencia Bancaria\">Transferencia Bancaria<\/div>\r\n        <div data-value=\"Tarjeta\/Cr\u00e9dito\">Tarjeta\/Cr\u00e9dito<\/div>\r\n        <div data-value=\"No puedo cubrir la garant\u00eda\">No puedo cubrir la garant\u00eda<\/div>\r\n      <\/div>\r\n      <button class=\"popup-close-btn\" onclick=\"closeAllPopups()\" style=\"font-size: 13px\"><br>Cerrar<br><\/button>\r\n    <\/div>\r\n  <\/div>\r\n  <div id=\"modal\" class=\"modal\">\r\n    <div class=\"modal-content\">\r\n      <div class=\"icon-modal\">\ud83d\udeab<\/div>\r\n      <h3>LAMENTABLEMENTE<br>NO CALIFICA PARA ALQUILAR<\/h3>\r\n      <p>Para alquilar nuestros veh\u00edculos es indispensable contar con un respaldo econ\u00f3mico.<\/p>\r\n      <button id=\"modal-close\">Entendido<\/button>\r\n    <\/div>\r\n  <\/div>\r\n   <script src=\"https:\/\/cdn.jsdelivr.net\/npm\/flatpickr\"><\/script>\r\n  <script src=\"https:\/\/cdn.jsdelivr.net\/npm\/flatpickr\/dist\/l10n\/es.js\"><\/script>\r\n  <script>\r\n    flatpickr(\"#fecha-inicio\", {\r\n      disableMobile: true,\r\n      dateFormat: \"Y-m-d\",\r\n      locale: \"es\"\r\n    });\r\n    flatpickr(\"#fecha-fin\", {\r\n      disableMobile: true,\r\n      dateFormat: \"Y-m-d\",\r\n      locale: \"es\"\r\n    });\r\n    function lockScroll(lock) {\r\n      if (lock) { document.body.style.overflow='hidden'; document.body.style.position='fixed'; document.body.style.width='100vw'; }\r\n      else { document.body.style.overflow=''; document.body.style.position=''; document.body.style.width=''; }\r\n    }\r\n    let activePanel = null, selectedGarantia = \"\";\r\n    function closeAllPopups() {\r\n      document.getElementById('popup-backdrop').classList.remove('active');\r\n      document.querySelectorAll('.popup-panel').forEach(p=>p.classList.remove('active'));\r\n      lockScroll(false);\r\n    }\r\n    function showNoGarantiaModal() {\r\n      closeAllPopups();\r\n      setTimeout(()=>{document.getElementById('modal').style.display='flex'; document.getElementById('modal-close').focus();},50);\r\n    }\r\n    if(window.innerWidth<=600){\r\n      document.querySelectorAll('.custom-display').forEach(d=>d.addEventListener('click',e=>{\r\n        e.stopPropagation(); closeAllPopups();\r\n        document.getElementById('popup-backdrop').classList.add('active');\r\n        document.getElementById(d.dataset.panel).classList.add('active');\r\n        lockScroll(true);\r\n      }));\r\n      document.querySelectorAll('.popup-options div').forEach(opt=>opt.addEventListener('click',()=>{\r\n        const panel=opt.closest('.popup-panel'), dispId=panel.id==='lugarPanel'?'lugarDisplay':'garantiaDisplay';\r\n        document.getElementById(dispId).textContent=opt.textContent;\r\n        if(panel.id==='garantiaPanel'){ selectedGarantia=opt.textContent;\r\n          if(selectedGarantia.toLowerCase().includes('no puedo cubrir')){ showNoGarantiaModal(); return; }\r\n        }\r\n        closeAllPopups();\r\n      }));\r\n      document.getElementById('popup-backdrop').addEventListener('click',e=>{ if(e.target===e.currentTarget) closeAllPopups(); });\r\n      document.addEventListener('keydown',e=>{ if(e.key==='Escape') closeAllPopups(); });\r\n    }\r\n    document.getElementById('garantiaSelect').addEventListener('change',function(){\r\n      selectedGarantia=this.value;\r\n      if(selectedGarantia.toLowerCase().includes('no puedo cubrir')) showNoGarantiaModal();\r\n    });\r\n    document.getElementById('modal-close').onclick=()=>{ document.getElementById('modal').style.display='none'; };\r\n    document.getElementById('form-whatsapp').addEventListener('submit',function(e){\r\n      let garantia, lugar;\r\n      if(window.innerWidth>600){ garantia=document.getElementById('garantiaSelect').value; lugar=document.getElementById('lugarSelect').value; }\r\n      else { garantia=selectedGarantia||document.getElementById('garantiaDisplay').textContent; lugar=document.getElementById('lugarDisplay').textContent; }\r\n      if(garantia.toLowerCase().includes('no puedo cubrir')){ e.preventDefault(); showNoGarantiaModal(); return; }\r\n      e.preventDefault();\r\n      const nombre=encodeURIComponent(document.getElementById('nombre').value);\r\n      const inicio=encodeURIComponent(document.getElementById('fecha-inicio').value);\r\n      const fin=encodeURIComponent(document.getElementById('fecha-fin').value);\r\n      const text=`Hola, soy ${decodeURIComponent(nombre)}. Deseo alquilar un veh\u00edculo desde el ${decodeURIComponent(inicio)} hasta el ${decodeURIComponent(fin)}, recibirlo en ${decodeURIComponent(encodeURIComponent(lugar))} y cubrir la garant\u00eda con ${decodeURIComponent(encodeURIComponent(garantia))}.`;\r\n      window.open(`https:\/\/wa.me\/51989537421?text=${encodeURIComponent(text)}`,'_blank');\r\n    });\r\n  <\/script>\r\n\r\n<\/body>\r\n<\/html>\t\t\t\t<\/div>\n\t\t\t\t<\/div>\n\t\t\t\t\t<\/div>\n\t\t\t\t<\/div>\n\t\t\t\t<\/div>","protected":false},"excerpt":{"rendered":"<p>Formulario WhatsApp PopUp Responsive COTIZA TU ALQUILER AL INSTANTE Registrate y te responderemos por Whatsapp en menos de 30 segundos Nombre completo Fecha inicio alquiler Fecha fin alquiler \u00bfEn d\u00f3nde desea recibir el veh\u00edculo? Seleccione una opci\u00f3nEn nuestras oficinas (0 PEN)En el aeropuerto (25 PEN)A domicilio (25 PEN) Seleccione una opci\u00f3n Nuestros veh\u00edculos requieren una [&hellip;]<\/p>","protected":false},"author":2,"featured_media":0,"parent":0,"menu_order":0,"comment_status":"closed","ping_status":"closed","template":"elementor_canvas","meta":{"_acf_changed":false,"footnotes":""},"class_list":["post-11400","page","type-page","status-publish","hentry"],"acf":[],"_links":{"self":[{"href":"https:\/\/alquiler.prestigeperurentacar.com\/en\/wp-json\/wp\/v2\/pages\/11400","targetHints":{"allow":["GET"]}}],"collection":[{"href":"https:\/\/alquiler.prestigeperurentacar.com\/en\/wp-json\/wp\/v2\/pages"}],"about":[{"href":"https:\/\/alquiler.prestigeperurentacar.com\/en\/wp-json\/wp\/v2\/types\/page"}],"author":[{"embeddable":true,"href":"https:\/\/alquiler.prestigeperurentacar.com\/en\/wp-json\/wp\/v2\/users\/2"}],"replies":[{"embeddable":true,"href":"https:\/\/alquiler.prestigeperurentacar.com\/en\/wp-json\/wp\/v2\/comments?post=11400"}],"version-history":[{"count":13,"href":"https:\/\/alquiler.prestigeperurentacar.com\/en\/wp-json\/wp\/v2\/pages\/11400\/revisions"}],"predecessor-version":[{"id":11608,"href":"https:\/\/alquiler.prestigeperurentacar.com\/en\/wp-json\/wp\/v2\/pages\/11400\/revisions\/11608"}],"wp:attachment":[{"href":"https:\/\/alquiler.prestigeperurentacar.com\/en\/wp-json\/wp\/v2\/media?parent=11400"}],"curies":[{"name":"wp","href":"https:\/\/api.w.org\/{rel}","templated":true}]}}